{"id":30513,"date":"2019-12-31T00:25:15","date_gmt":"2019-12-31T00:25:15","guid":{"rendered":"https:\/\/frontier.com.tr\/en\/?page_id=30513"},"modified":"2023-07-21T06:05:48","modified_gmt":"2023-07-21T06:05:48","slug":"konya-sheep","status":"publish","type":"page","link":"https:\/\/frontier.com.tr\/en\/konya-sheep\/","title":{"rendered":"Konya Sheep"},"content":{"rendered":"<div class=\"wpb-content-wrapper\"><p>[vc_row][vc_column width=&#8221;1\/6&#8243;][vc_single_image image=&#8221;30178&#8243; img_size=&#8221;990&#215;550&#8243; onclick=&#8221;custom_link&#8221; css_animation=&#8221;fadeIn&#8221; css=&#8221;.vc_custom_1577745076393{margin-bottom: 0px !important;}&#8221; link=&#8221;https:\/\/frontier.com.tr\/en\/anatolian-bezoar-ibex\/&#8221;][vc_column_text css=&#8221;.vc_custom_1577747302440{background-color: #ededed !important;}&#8221;]<\/p>\n<div class=\"title-h6\" style=\"text-align: center;\"><span class=\"light\" style=\"color: #000000;\">ANATOLIAN BEZOAR IBEX<\/span><\/div>\n<p>[\/vc_column_text][\/vc_column][vc_column width=&#8221;1\/6&#8243;][vc_single_image image=&#8221;29745&#8243; img_size=&#8221;990&#215;550&#8243; onclick=&#8221;custom_link&#8221; css_animation=&#8221;fadeIn&#8221; css=&#8221;.vc_custom_1577745153916{margin-bottom: 0px !important;}&#8221; link=&#8221;https:\/\/frontier.com.tr\/en\/anatolian-chamois\/&#8221;][vc_column_text css=&#8221;.vc_custom_1497020724014{background-color: #ededed !important;}&#8221;]<\/p>\n<div class=\"title-h6\" style=\"text-align: center;\"><span class=\"light\">ANATOLIAN CHAMOIS<\/span><\/div>\n<p>[\/vc_column_text][\/vc_column][vc_column width=&#8221;1\/6&#8243;][vc_single_image image=&#8221;29740&#8243; img_size=&#8221;990&#215;550&#8243; onclick=&#8221;custom_link&#8221; css_animation=&#8221;fadeIn&#8221; css=&#8221;.vc_custom_1577748489151{margin-bottom: 0px !important;}&#8221; link=&#8221;https:\/\/frontier.com.tr\/en\/anatolian-gazelle\/&#8221;][vc_column_text css=&#8221;.vc_custom_1497020738922{background-color: #f9f9f9 !important;}&#8221;]<\/p>\n<div class=\"title-h6\" style=\"text-align: center;\"><span class=\"light\">ANATOLIAN GAZELLE<\/span><\/div>\n<p>[\/vc_column_text][\/vc_column][vc_column width=&#8221;1\/6&#8243;][vc_single_image image=&#8221;29735&#8243; img_size=&#8221;990&#215;550&#8243; onclick=&#8221;custom_link&#8221; css=&#8221;.vc_custom_1577747513935{margin-bottom: 0px !important;}&#8221; link=&#8221;https:\/\/frontier.com.tr\/en\/anatolian-hybrid-ibex\/&#8221;][vc_column_text css=&#8221;.vc_custom_1577748009432{background-color: #f9f9f9 !important;}&#8221;]<\/p>\n<div class=\"title-h6\" style=\"text-align: center;\"><span style=\"color: #000000;\"><span class=\"light\">ANATOLIAN HYBRID IBEX<\/span><\/span><\/div>\n<p>[\/vc_column_text][\/vc_column][vc_column width=&#8221;1\/6&#8243;][vc_single_image image=&#8221;29765&#8243; img_size=&#8221;990&#215;550&#8243; onclick=&#8221;custom_link&#8221; css=&#8221;.vc_custom_1577748033359{margin-bottom: 0px !important;}&#8221; link=&#8221;https:\/\/frontier.com.tr\/en\/anatolian-red-deer&#8221;][vc_column_text css=&#8221;.vc_custom_1577748827358{background-color: #f9f9f9 !important;}&#8221;]<\/p>\n<div class=\"title-h6\" style=\"text-align: center;\"><span style=\"color: #000000;\"><span class=\"light\">ANATOLIAN RED DEER<\/span><\/span><\/div>\n<p>[\/vc_column_text][\/vc_column][vc_column width=&#8221;1\/6&#8243;][vc_single_image image=&#8221;30119&#8243; img_size=&#8221;990&#215;550&#8243; onclick=&#8221;custom_link&#8221; css=&#8221;.vc_custom_1577748505739{margin-bottom: 0px !important;}&#8221; link=&#8221;https:\/\/frontier.com.tr\/en\/anatolian-wild-boar&#8221;][vc_column_text css=&#8221;.vc_custom_1577752036422{background-color: #f9f9f9 !important;}&#8221;]<\/p>\n<div class=\"title-h6\" style=\"text-align: center;\"><span style=\"color: #000000;\"><strong><span class=\"light\">ANATOLIAN WILD BOAR<\/span><\/strong><\/span><\/div>\n<p>[\/vc_column_text][\/vc_column][\/vc_row][vc_row][vc_column width=&#8221;1\/2&#8243;][vc_column_text]<\/p>\n<div class=\"wpb_text_column wpb_content_element \">\n<div class=\"wpb_wrapper\">\n<div class=\"wpb_text_column wpb_content_element \">\n<div class=\"wpb_wrapper\">\n<div class=\"wpb_text_column wpb_content_element \">\n<div class=\"wpb_wrapper\">\n<div class=\"wpb_text_column wpb_content_element \">\n<div class=\"wpb_wrapper\">\n<div class=\"wpb_text_column wpb_content_element \">\n<div class=\"wpb_wrapper\">\n<h5><span style=\"font-size: 12pt;\">KONYA SHEEP HUNTING<\/span><\/h5>\n<\/div>\n<\/div>\n<div class=\"wpb_text_column wpb_content_element \">\n<div class=\"wpb_wrapper\">\n<p><span style=\"font-size: 10pt;\">(Ovis Gimelini Anatolica, Konya Sheep, Anatolian Mouflon, Anatolian Wild Sheep, Yaban Koyunu)<\/span><\/p>\n<p style=\"text-align: justify;\">Konya Sheep is an endemic sub-species of wild sheep breed in Turkey. Its wool, ears and tail is short but its legs are thin and long. Because of that, it is more similar to a deer than a sheep. White marks on their croups become more visible especially during the mating period and there are blackish marks are on their knees. One of the remarkable features of ram is their elongated and curved horns on both sides. Horns begin to emerge when rams are four months old and they continue to grow throughout the life. Horns of the rams which are 5-6 years old begin to curl upward and outward.<\/p>\n<p style=\"text-align: justify;\">They live in the hills of Ankara-Nall\u0131han, Konya and Karaman between the altitude of 100 and 1500m where climate is dry and soft. They adapt to the land where they live in, through their snuff colored wools. Steppe plants which grow on the hills where the climate is dry and soft; and steppes and forest are next to each otherconstitude theit food. Male and female heards of Anatolian wild sheep are kept separate from each other during almost 10 months of the year. November and December are usually the mating period. Sheeps give birth usually in May-June after 5 months of avarage gestation period.<\/p>\n<p style=\"text-align: justify;\"><strong>Hunting Season:<\/strong>\u00a001 September-31th of January<\/p>\n<\/div>\n<\/div>\n<\/div>\n<\/div>\n<\/div>\n<\/div>\n<\/div>\n<\/div>\n<\/div>\n<\/div>\n<p>[\/vc_column_text][\/vc_column][vc_column width=&#8221;1\/2&#8243;]<style>.gem-gallery-grid#style-69ea7215389fb .gallery-item { padding: calc(5px\/2) !important; }.gem-gallery-grid#style-69ea7215389fb .gallery-set { margin-top: calc(-5px\/2); margin-bottom: calc(-5px\/2); }.gem-gallery-grid#style-69ea7215389fb .not-fullwidth-block .gallery-set, .gem-gallery-grid#style-69ea7215389fb .not-fullwidth-block .portfolio-item-size-container { margin-left: calc(-5px\/2); margin-right: calc(-5px\/2); }.gem-gallery-grid#style-69ea7215389fb .fullwidth-block { padding-left: calc(5px\/2); padding-right: calc(5px\/2); }.gem-gallery-grid#style-69ea7215389fb .portfolio-filters { text-align: center }<\/style><div id=\"style-preloader-69ea7215389fb\" class=\"preloader save-space\"><div class=\"preloader-spin\"><\/div><\/div> <div class=\"gallery-preloader-wrapper\"> <div class=\"row\"> <div id=\"style-69ea7215389fb\" class=\"gem-gallery-grid col-lg-12 col-md-12 col-sm-12 gallery-style-justified hover-zooming-blur loading-animation item-animation-move-up columns-2 columns-tablet-2 columns-mobile-1 gaps-margin \" data-hover=\"zooming-blur\" data-uid=\"69ea7215389fb\" data-filter=\"[]\"> <div class=\"portfolio not-fullwidth-block \"> <ul class=\"gallery-set clearfix\" data-max-row-height=\"380\"> <li class=\"gallery-item gallery-0 col-xs-12 col-sm-6 col-md-6 item-animations-not-inited single-icon post-30513 page type-page status-publish\" style=\"\"> <div class=\"wrap gem-wrapbox-style-default\"> <div class=\"overlay-wrap\"> <div class=\"image-wrap \"> <picture> <source srcset=\"https:\/\/frontier.com.tr\/en\/wp-content\/uploads\/2019\/12\/koyun1-thegem-product-justified-square-xl.jpg 1x\" sizes=\"100vw\"> <img src=\"https:\/\/frontier.com.tr\/en\/wp-content\/uploads\/2019\/12\/koyun1-thegem-product-justified-square-xl.jpg\" width=\"700\" height=\"581\" class=\"attachment-thegem-product-justified-square-xl\" alt=\"koyun1\" \/> <\/picture> <\/div> <div class=\"overlay \"> <div class=\"overlay-circle\"><\/div> <a href=\"https:\/\/frontier.com.tr\/en\/wp-content\/uploads\/2019\/12\/koyun1.jpg\" class=\"gallery-item-link fancy-gallery\" data-fancybox=\"gallery-69ea7215389fb\"> <span class=\"slide-info\"> <\/span> <\/a> <div class=\"overlay-content\"> <div class=\"overlay-content-center\"> <div class=\"overlay-content-inner\"> <a href=\"https:\/\/frontier.com.tr\/en\/wp-content\/uploads\/2019\/12\/koyun1.jpg\" class=\"icon photo \" > <\/a> <div class=\"overlay-line\"><\/div> <\/div> <\/div> <\/div> <\/div> <\/div> <\/div> <\/li> <li class=\"gallery-item gallery-0 col-xs-12 col-sm-6 col-md-6 item-animations-not-inited single-icon post-30513 page type-page status-publish\" style=\"\"> <div class=\"wrap gem-wrapbox-style-default\"> <div class=\"overlay-wrap\"> <div class=\"image-wrap \"> <picture> <source srcset=\"https:\/\/frontier.com.tr\/en\/wp-content\/uploads\/2019\/12\/MG_4241-1-thegem-product-justified-square-xl.jpg 1x\" sizes=\"100vw\"> <img src=\"https:\/\/frontier.com.tr\/en\/wp-content\/uploads\/2019\/12\/MG_4241-1-thegem-product-justified-square-xl.jpg\" width=\"700\" height=\"495\" class=\"attachment-thegem-product-justified-square-xl\" alt=\"\" \/> <\/picture> <\/div> <div class=\"overlay \"> <div class=\"overlay-circle\"><\/div> <a href=\"https:\/\/frontier.com.tr\/en\/wp-content\/uploads\/2019\/12\/MG_4241-1.jpg\" class=\"gallery-item-link fancy-gallery\" data-fancybox=\"gallery-69ea7215389fb\"> <span class=\"slide-info\"> <\/span> <\/a> <div class=\"overlay-content\"> <div class=\"overlay-content-center\"> <div class=\"overlay-content-inner\"> <a href=\"https:\/\/frontier.com.tr\/en\/wp-content\/uploads\/2019\/12\/MG_4241-1.jpg\" class=\"icon photo \" > <\/a> <div class=\"overlay-line\"><\/div> <\/div> <\/div> <\/div> <\/div> <\/div> <\/div> <\/li> <li class=\"gallery-item gallery-0 col-xs-12 col-sm-6 col-md-6 item-animations-not-inited single-icon post-30513 page type-page status-publish\" style=\"\"> <div class=\"wrap gem-wrapbox-style-default\"> <div class=\"overlay-wrap\"> <div class=\"image-wrap \"> <picture> <source srcset=\"https:\/\/frontier.com.tr\/en\/wp-content\/uploads\/2019\/12\/k2a-thegem-product-justified-square-xl.jpg 1x\" sizes=\"100vw\"> <img src=\"https:\/\/frontier.com.tr\/en\/wp-content\/uploads\/2019\/12\/k2a-thegem-product-justified-square-xl.jpg\" width=\"700\" height=\"472\" class=\"attachment-thegem-product-justified-square-xl\" alt=\"\" \/> <\/picture> <\/div> <div class=\"overlay \"> <div class=\"overlay-circle\"><\/div> <a href=\"https:\/\/frontier.com.tr\/en\/wp-content\/uploads\/2019\/12\/k2a.jpg\" class=\"gallery-item-link fancy-gallery\" data-fancybox=\"gallery-69ea7215389fb\"> <span class=\"slide-info\"> <\/span> <\/a> <div class=\"overlay-content\"> <div class=\"overlay-content-center\"> <div class=\"overlay-content-inner\"> <a href=\"https:\/\/frontier.com.tr\/en\/wp-content\/uploads\/2019\/12\/k2a.jpg\" class=\"icon photo \" > <\/a> <div class=\"overlay-line\"><\/div> <\/div> <\/div> <\/div> <\/div> <\/div> <\/div> <\/li> <li class=\"gallery-item gallery-0 col-xs-12 col-sm-6 col-md-6 item-animations-not-inited single-icon post-30513 page type-page status-publish\" style=\"\"> <div class=\"wrap gem-wrapbox-style-default\"> <div class=\"overlay-wrap\"> <div class=\"image-wrap \"> <picture> <source srcset=\"https:\/\/frontier.com.tr\/en\/wp-content\/uploads\/2019\/12\/anadolu-yb-y\u0131lmaz-\u0131lk\u0131-2014-2-thegem-product-justified-square-xl.jpg 1x\" sizes=\"100vw\"> <img src=\"https:\/\/frontier.com.tr\/en\/wp-content\/uploads\/2019\/12\/anadolu-yb-y\u0131lmaz-\u0131lk\u0131-2014-2-thegem-product-justified-square-xl.jpg\" width=\"700\" height=\"497\" class=\"attachment-thegem-product-justified-square-xl\" alt=\"\" \/> <\/picture> <\/div> <div class=\"overlay \"> <div class=\"overlay-circle\"><\/div> <a href=\"https:\/\/frontier.com.tr\/en\/wp-content\/uploads\/2019\/12\/anadolu-yb-y\u0131lmaz-\u0131lk\u0131-2014-2.jpg\" class=\"gallery-item-link fancy-gallery\" data-fancybox=\"gallery-69ea7215389fb\"> <span class=\"slide-info\"> <\/span> <\/a> <div class=\"overlay-content\"> <div class=\"overlay-content-center\"> <div class=\"overlay-content-inner\"> <a href=\"https:\/\/frontier.com.tr\/en\/wp-content\/uploads\/2019\/12\/anadolu-yb-y\u0131lmaz-\u0131lk\u0131-2014-2.jpg\" class=\"icon photo \" > <\/a> <div class=\"overlay-line\"><\/div> <\/div> <\/div> <\/div> <\/div> <\/div> <\/div> <\/li> <li class=\"gallery-item gallery-0 col-xs-12 col-sm-6 col-md-6 item-animations-not-inited single-icon post-30513 page type-page status-publish\" style=\"\"> <div class=\"wrap gem-wrapbox-style-default\"> <div class=\"overlay-wrap\"> <div class=\"image-wrap \"> <picture> <source srcset=\"https:\/\/frontier.com.tr\/en\/wp-content\/uploads\/2019\/12\/koyun-thegem-product-justified-square-xl.jpg 1x\" sizes=\"100vw\"> <img src=\"https:\/\/frontier.com.tr\/en\/wp-content\/uploads\/2019\/12\/koyun-thegem-product-justified-square-xl.jpg\" width=\"700\" height=\"494\" class=\"attachment-thegem-product-justified-square-xl\" alt=\"koyun\" \/> <\/picture> <\/div> <div class=\"overlay \"> <div class=\"overlay-circle\"><\/div> <a href=\"https:\/\/frontier.com.tr\/en\/wp-content\/uploads\/2019\/12\/koyun.jpg\" class=\"gallery-item-link fancy-gallery\" data-fancybox=\"gallery-69ea7215389fb\"> <span class=\"slide-info\"> <\/span> <\/a> <div class=\"overlay-content\"> <div class=\"overlay-content-center\"> <div class=\"overlay-content-inner\"> <a href=\"https:\/\/frontier.com.tr\/en\/wp-content\/uploads\/2019\/12\/koyun.jpg\" class=\"icon photo \" > <\/a> <div class=\"overlay-line\"><\/div> <\/div> <\/div> <\/div> <\/div> <\/div> <\/div> <\/li> <li class=\"gallery-item gallery-0 col-xs-12 col-sm-6 col-md-6 item-animations-not-inited single-icon post-30513 page type-page status-publish\" style=\"\"> <div class=\"wrap gem-wrapbox-style-default\"> <div class=\"overlay-wrap\"> <div class=\"image-wrap \"> <picture> <source srcset=\"https:\/\/frontier.com.tr\/en\/wp-content\/uploads\/2019\/12\/AYK-y\u0131lmaz-Ilk\u0131-2-thegem-product-justified-square-xl.jpg 1x\" sizes=\"100vw\"> <img src=\"https:\/\/frontier.com.tr\/en\/wp-content\/uploads\/2019\/12\/AYK-y\u0131lmaz-Ilk\u0131-2-thegem-product-justified-square-xl.jpg\" width=\"700\" height=\"533\" class=\"attachment-thegem-product-justified-square-xl\" alt=\"\" \/> <\/picture> <\/div> <div class=\"overlay \"> <div class=\"overlay-circle\"><\/div> <a href=\"https:\/\/frontier.com.tr\/en\/wp-content\/uploads\/2019\/12\/AYK-y\u0131lmaz-Ilk\u0131-2.jpg\" class=\"gallery-item-link fancy-gallery\" data-fancybox=\"gallery-69ea7215389fb\"> <span class=\"slide-info\"> <\/span> <\/a> <div class=\"overlay-content\"> <div class=\"overlay-content-center\"> <div class=\"overlay-content-inner\"> <a href=\"https:\/\/frontier.com.tr\/en\/wp-content\/uploads\/2019\/12\/AYK-y\u0131lmaz-Ilk\u0131-2.jpg\" class=\"icon photo \" > <\/a> <div class=\"overlay-line\"><\/div> <\/div> <\/div> <\/div> <\/div> <\/div> <\/div> <\/li> <\/ul> <div class=\"portfolio-item-size-container\"> <li class=\"gallery-item size-item col-xs-12 col-sm-6 col-md-6 post-30513 page type-page status-publish\" style=\"\"> <\/li> <\/div> <\/div> <\/div> <\/div> <\/div>[\/vc_column][\/vc_row]<\/p>\n<\/div>","protected":false},"excerpt":{"rendered":"<p>[vc_row][vc_column width=&#8221;1\/6&#8243;][vc_single_image image=&#8221;30178&#8243; img_size=&#8221;990&#215;550&#8243; onclick=&#8221;custom_link&#8221; css_animation=&#8221;fadeIn&#8221; css=&#8221;.vc_custom_1577745076393{margin-bottom: 0px !important;}&#8221; link=&#8221;https:\/\/frontier.com.tr\/en\/anatolian-bezoar-ibex\/&#8221;][vc_column_text css=&#8221;.vc_custom_1577747302440{background-color: #ededed !important;}&#8221;] ANATOLIAN BEZOAR IBEX [\/vc_column_text][\/vc_column][vc_column width=&#8221;1\/6&#8243;][vc_single_image image=&#8221;29745&#8243; img_size=&#8221;990&#215;550&#8243;&#8230;<\/p>\n","protected":false},"author":1,"featured_media":0,"parent":0,"menu_order":0,"comment_status":"closed","ping_status":"closed","template":"","meta":{"_monsterinsights_skip_tracking":false,"_monsterinsights_sitenote_active":false,"_monsterinsights_sitenote_note":"","_monsterinsights_sitenote_category":0,"footnotes":""},"class_list":["post-30513","page","type-page","status-publish"],"aioseo_notices":[],"_links":{"self":[{"href":"https:\/\/frontier.com.tr\/en\/wp-json\/wp\/v2\/pages\/30513","targetHints":{"allow":["GET"]}}],"collection":[{"href":"https:\/\/frontier.com.tr\/en\/wp-json\/wp\/v2\/pages"}],"about":[{"href":"https:\/\/frontier.com.tr\/en\/wp-json\/wp\/v2\/types\/page"}],"author":[{"embeddable":true,"href":"https:\/\/frontier.com.tr\/en\/wp-json\/wp\/v2\/users\/1"}],"replies":[{"embeddable":true,"href":"https:\/\/frontier.com.tr\/en\/wp-json\/wp\/v2\/comments?post=30513"}],"version-history":[{"count":6,"href":"https:\/\/frontier.com.tr\/en\/wp-json\/wp\/v2\/pages\/30513\/revisions"}],"predecessor-version":[{"id":31319,"href":"https:\/\/frontier.com.tr\/en\/wp-json\/wp\/v2\/pages\/30513\/revisions\/31319"}],"wp:attachment":[{"href":"https:\/\/frontier.com.tr\/en\/wp-json\/wp\/v2\/media?parent=30513"}],"curies":[{"name":"wp","href":"https:\/\/api.w.org\/{rel}","templated":true}]}}