{"id":30460,"date":"2019-12-30T22:27:58","date_gmt":"2019-12-30T22:27:58","guid":{"rendered":"https:\/\/frontier.com.tr\/en\/?page_id=30460"},"modified":"2025-04-23T22:09:37","modified_gmt":"2025-04-23T22:09:37","slug":"anatolian-chamois","status":"publish","type":"page","link":"https:\/\/frontier.com.tr\/en\/anatolian-chamois\/","title":{"rendered":"Anatolian Chamois"},"content":{"rendered":"<div class=\"wpb-content-wrapper\"><p>[vc_row][vc_column][vc_column_text css=&#8221;&#8221;]<\/p>\n<h3 style=\"text-align: center;\">TURKEY<\/h3>\n<p>[\/vc_column_text][\/vc_column][\/vc_row][vc_row][vc_column width=&#8221;1\/6&#8243;][vc_single_image image=&#8221;30178&#8243; img_size=&#8221;990&#215;550&#8243; onclick=&#8221;custom_link&#8221; css=&#8221;.vc_custom_1577745354457{margin-bottom: 0px !important;}&#8221; css_animation=&#8221;fadeIn&#8221; link=&#8221;https:\/\/frontier.com.tr\/en\/anatolian-bezoar-ibex\/&#8221;][vc_column_text css=&#8221;.vc_custom_1497020615316{background-color: #ededed !important;}&#8221;]<\/p>\n<div class=\"title-h6\" style=\"text-align: center;\"><span class=\"light\">ANATOLIAN BEZOAR IBEX<\/span><\/div>\n<p>[\/vc_column_text][\/vc_column][vc_column width=&#8221;1\/6&#8243;][vc_single_image image=&#8221;29745&#8243; img_size=&#8221;990&#215;550&#8243; onclick=&#8221;custom_link&#8221; css=&#8221;.vc_custom_1577746429453{margin-bottom: 0px !important;}&#8221; css_animation=&#8221;fadeIn&#8221; link=&#8221;http:\/\/frontier.com.tr\/en\/anatolian-chamois\/&#8221;][vc_column_text css=&#8221;.vc_custom_1577745009660{background-color: #dd8706 !important;}&#8221;]<\/p>\n<div class=\"title-h6\" style=\"text-align: center;\"><span class=\"light\" style=\"color: #ffffff;\">ANATOLIAN CHAMOIS<\/span><\/div>\n<p>[\/vc_column_text][\/vc_column][vc_column width=&#8221;1\/6&#8243;][vc_single_image image=&#8221;29740&#8243; img_size=&#8221;990&#215;550&#8243; onclick=&#8221;custom_link&#8221; css=&#8221;.vc_custom_1577745882467{margin-bottom: 0px !important;}&#8221; css_animation=&#8221;fadeIn&#8221; link=&#8221;http:\/\/frontier.com.tr\/en\/anatolian-gazelle\/&#8221;][vc_column_text css=&#8221;.vc_custom_1497020738922{background-color: #f9f9f9 !important;}&#8221;]<\/p>\n<div class=\"title-h6\" style=\"text-align: center;\"><span class=\"light\">ANATOLIAN GAZELLE<\/span><\/div>\n<p>[\/vc_column_text][\/vc_column][vc_column width=&#8221;1\/6&#8243;][vc_single_image image=&#8221;29735&#8243; img_size=&#8221;990&#215;550&#8243; onclick=&#8221;custom_link&#8221; css=&#8221;.vc_custom_1577747659481{margin-bottom: 0px !important;}&#8221; link=&#8221;https:\/\/frontier.com.tr\/en\/anatolian-hybrid-ibex\/&#8221;][vc_column_text css=&#8221;.vc_custom_1497020753186{background-color: #ededed !important;}&#8221;]<\/p>\n<div class=\"title-h6\" style=\"text-align: center;\"><span class=\"light\">ANATOLIAN HYBRID IBEX<\/span><\/div>\n<p>[\/vc_column_text][\/vc_column][vc_column width=&#8221;1\/6&#8243;][vc_single_image image=&#8221;29765&#8243; img_size=&#8221;990&#215;550&#8243; onclick=&#8221;custom_link&#8221; css=&#8221;.vc_custom_1577748163833{margin-bottom: 0px !important;}&#8221; link=&#8221;https:\/\/frontier.com.tr\/en\/anatolian-red-deer&#8221;][vc_column_text css=&#8221;.vc_custom_1497020786241{background-color: #ededed !important;}&#8221;]<\/p>\n<div class=\"title-h6\" style=\"text-align: center;\"><span class=\"light\">ANATOLIAN RED DEER<\/span><\/div>\n<p>[\/vc_column_text][\/vc_column][vc_column width=&#8221;1\/6&#8243;][vc_single_image image=&#8221;30119&#8243; img_size=&#8221;990&#215;550&#8243; onclick=&#8221;custom_link&#8221; css=&#8221;.vc_custom_1577748346726{margin-bottom: 0px !important;}&#8221; link=&#8221;https:\/\/frontier.com.tr\/en\/anatolian-wild-boar&#8221;][vc_column_text css=&#8221;.vc_custom_1497020863527{background-color: #ededed !important;}&#8221;]<\/p>\n<div class=\"title-h6\" style=\"text-align: center;\"><span class=\"light\">ANATOLIAN WILD BOAR<\/span><\/div>\n<p>[\/vc_column_text][\/vc_column][\/vc_row][vc_row][vc_column width=&#8221;1\/2&#8243;][vc_column_text]<\/p>\n<div class=\"wpb_text_column wpb_content_element \">\n<div class=\"wpb_wrapper\">\n<div class=\"wpb_text_column wpb_content_element \">\n<div class=\"wpb_wrapper\">\n<h6 style=\"text-align: left;\"><span style=\"font-size: 14pt;\">ANATOLIAN CHAMOIS HUNTING<\/span><\/h6>\n<\/div>\n<\/div>\n<div class=\"wpb_text_column wpb_content_element \">\n<div class=\"wpb_wrapper\"><span style=\"font-size: 10pt;\">(Rupicapra rupicapra asiatica, Anatolian chamois, Gamse-Gamswild, Chamois)<\/span><\/div>\n<\/div>\n<div><\/div>\n<div class=\"wpb_text_column wpb_content_element \">\n<div class=\"wpb_wrapper\">\n<p>Chamois which lives on the rocky and naked areas above the border line of forests in summer can also spread in to the deep, brushy and woody valleys. In winter it lives in steep valleys in forest. It weight\u2019s about 35 to 50kg. It\u2019s light brown fur in summer turns darker, almost black in winter.<br \/>\nChamois hunt can be combined with bezoar ibex, hybrid ibex and gazelle.<\/p>\n<p style=\"text-align: justify;\"><strong>Hunting Season:<\/strong>\u00a0Hunting season starts as of August 1st and ends by 31st of January. Mating period is the second half of October and December.<\/p>\n<p style=\"text-align: justify;\"><strong>Chamois Hunt:<\/strong>\u00a0The hunt is generally done during the mating period by stalking. This hunt requires a good body fitness. Hunting distance is generally 200 to 300m. Due to nature construction in some areas, shooting distances may extend. Our professional guides starts glassing and tracking before the hunter\u2019s arrival for a successful hunt. Available hunting locations are Northeast Anatolia, Ka\u00e7kar Mountains, G\u00fcm\u00fc\u015fhane, Erzincan, Erzurum, Rize and Artvin.<\/p>\n<p style=\"text-align: justify;\"><strong>Camp\/Hotel:<\/strong>\u00a0Accommodation will be generally provided in hotels by the area, nearby cottages and lodges. All accommodations are hygienic and safe. If needed this hunt may require camping in the hunting area.<\/p>\n<p style=\"text-align: justify;\"><strong>Weather:<\/strong>\u00a0Weather is generally cool\/cold in day time and very cold at nights in October, November. Weather may change due to the hunting location. It is generally warmer in closer locations to the sea. However weather is generally -5 to -15c day time and -10 to -20c at nights in mid Anatolia. It might rain or snow during this season.<\/p>\n<p style=\"text-align: justify;\"><strong>Transportation:<\/strong>\u00a0Turkish Airlines and other Turkish private airways (Pegas, Pegasus, Onur Air, Atlas Jet, Anadolu Jet) flies to any domestic location from \u0130stanbul and Ankara.<\/p>\n<\/div>\n<\/div>\n<\/div>\n<\/div>\n<p>[\/vc_column_text][\/vc_column][vc_column width=&#8221;1\/2&#8243;]<style>.gem-gallery-grid#style-69ea6105d7da7 .gallery-item { padding: calc(5px\/2) !important; }.gem-gallery-grid#style-69ea6105d7da7 .gallery-set { margin-top: calc(-5px\/2); margin-bottom: calc(-5px\/2); }.gem-gallery-grid#style-69ea6105d7da7 .not-fullwidth-block .gallery-set, .gem-gallery-grid#style-69ea6105d7da7 .not-fullwidth-block .portfolio-item-size-container { margin-left: calc(-5px\/2); margin-right: calc(-5px\/2); }.gem-gallery-grid#style-69ea6105d7da7 .fullwidth-block { padding-left: calc(5px\/2); padding-right: calc(5px\/2); }.gem-gallery-grid#style-69ea6105d7da7 .portfolio-filters { text-align: center }<\/style> <div class=\"gallery-preloader-wrapper\"> <div class=\"row\"> <div id=\"style-69ea6105d7da7\" class=\"gem-gallery-grid col-lg-12 col-md-12 col-sm-12 gallery-style-justified hover-zooming-blur loading-animation item-animation-move-up columns-2 columns-tablet-2 columns-mobile-1 gaps-margin disable-isotope \" data-hover=\"zooming-blur\" data-uid=\"69ea6105d7da7\" data-filter=\"[]\"> <div class=\"portfolio not-fullwidth-block \"> <ul class=\"gallery-set clearfix\" data-max-row-height=\"380\"> <li class=\"gallery-item gallery-0 col-xs-12 col-sm-6 col-md-6 item-animations-not-inited single-icon post-30460 page type-page status-publish\" style=\"\"> <div class=\"wrap gem-wrapbox-style-default\"> <div class=\"overlay-wrap\"> <div class=\"image-wrap \"> <picture> <source srcset=\"https:\/\/frontier.com.tr\/en\/wp-content\/uploads\/2017\/06\/1-jens-web5-1-thegem-product-justified-square-xl.jpg 1x\" sizes=\"100vw\"> <img src=\"https:\/\/frontier.com.tr\/en\/wp-content\/uploads\/2017\/06\/1-jens-web5-1-thegem-product-justified-square-xl.jpg\" width=\"700\" height=\"557\" class=\"attachment-thegem-product-justified-square-xl\" alt=\"\" \/> <\/picture> <\/div> <div class=\"overlay \"> <div class=\"overlay-circle\"><\/div> <a href=\"https:\/\/frontier.com.tr\/en\/wp-content\/uploads\/2017\/06\/1-jens-web5-1.jpg\" class=\"gallery-item-link fancy-gallery\" data-fancybox=\"gallery-69ea6105d7da7\"> <span class=\"slide-info\"> <\/span> <\/a> <div class=\"overlay-content\"> <div class=\"overlay-content-center\"> <div class=\"overlay-content-inner\"> <a href=\"https:\/\/frontier.com.tr\/en\/wp-content\/uploads\/2017\/06\/1-jens-web5-1.jpg\" class=\"icon photo \" > <\/a> <div class=\"overlay-line\"><\/div> <\/div> <\/div> <\/div> <\/div> <\/div> <\/div> <\/li> <li class=\"gallery-item gallery-0 col-xs-12 col-sm-6 col-md-6 item-animations-not-inited single-icon post-30460 page type-page status-publish\" style=\"\"> <div class=\"wrap gem-wrapbox-style-default\"> <div class=\"overlay-wrap\"> <div class=\"image-wrap \"> <picture> <source srcset=\"https:\/\/frontier.com.tr\/en\/wp-content\/uploads\/2018\/03\/chamois-mikhail-thegem-product-justified-square-xl.jpg 1x\" sizes=\"100vw\"> <img src=\"https:\/\/frontier.com.tr\/en\/wp-content\/uploads\/2018\/03\/chamois-mikhail-thegem-product-justified-square-xl.jpg\" width=\"700\" height=\"557\" class=\"attachment-thegem-product-justified-square-xl\" alt=\"chamois-mikhail\" \/> <\/picture> <\/div> <div class=\"overlay \"> <div class=\"overlay-circle\"><\/div> <a href=\"https:\/\/frontier.com.tr\/en\/wp-content\/uploads\/2018\/03\/chamois-mikhail.jpg\" class=\"gallery-item-link fancy-gallery\" data-fancybox=\"gallery-69ea6105d7da7\"> <span class=\"slide-info\"> <\/span> <\/a> <div class=\"overlay-content\"> <div class=\"overlay-content-center\"> <div class=\"overlay-content-inner\"> <a href=\"https:\/\/frontier.com.tr\/en\/wp-content\/uploads\/2018\/03\/chamois-mikhail.jpg\" class=\"icon photo \" > <\/a> <div class=\"overlay-line\"><\/div> <\/div> <\/div> <\/div> <\/div> <\/div> <\/div> <\/li> <li class=\"gallery-item gallery-0 col-xs-12 col-sm-6 col-md-6 item-animations-not-inited single-icon post-30460 page type-page status-publish\" style=\"\"> <div class=\"wrap gem-wrapbox-style-default\"> <div class=\"overlay-wrap\"> <div class=\"image-wrap \"> <picture> <source srcset=\"https:\/\/frontier.com.tr\/en\/wp-content\/uploads\/2017\/06\/3-20151110_154042-1-thegem-product-justified-square-xl.jpg 1x\" sizes=\"100vw\"> <img src=\"https:\/\/frontier.com.tr\/en\/wp-content\/uploads\/2017\/06\/3-20151110_154042-1-thegem-product-justified-square-xl.jpg\" width=\"700\" height=\"557\" class=\"attachment-thegem-product-justified-square-xl\" alt=\"3-20151110_154042\" \/> <\/picture> <\/div> <div class=\"overlay \"> <div class=\"overlay-circle\"><\/div> <a href=\"https:\/\/frontier.com.tr\/en\/wp-content\/uploads\/2017\/06\/3-20151110_154042-1.jpg\" class=\"gallery-item-link fancy-gallery\" data-fancybox=\"gallery-69ea6105d7da7\"> <span class=\"slide-info\"> <\/span> <\/a> <div class=\"overlay-content\"> <div class=\"overlay-content-center\"> <div class=\"overlay-content-inner\"> <a href=\"https:\/\/frontier.com.tr\/en\/wp-content\/uploads\/2017\/06\/3-20151110_154042-1.jpg\" class=\"icon photo \" > <\/a> <div class=\"overlay-line\"><\/div> <\/div> <\/div> <\/div> <\/div> <\/div> <\/div> <\/li> <li class=\"gallery-item gallery-0 col-xs-12 col-sm-6 col-md-6 item-animations-not-inited single-icon post-30460 page type-page status-publish\" style=\"\"> <div class=\"wrap gem-wrapbox-style-default\"> <div class=\"overlay-wrap\"> <div class=\"image-wrap \"> <picture> <source srcset=\"https:\/\/frontier.com.tr\/en\/wp-content\/uploads\/2017\/06\/11-chamois-15-thegem-product-justified-square-xl.jpg 1x\" sizes=\"100vw\"> <img src=\"https:\/\/frontier.com.tr\/en\/wp-content\/uploads\/2017\/06\/11-chamois-15-thegem-product-justified-square-xl.jpg\" width=\"700\" height=\"700\" class=\"attachment-thegem-product-justified-square-xl\" alt=\"11-chamois-15\" \/> <\/picture> <\/div> <div class=\"overlay \"> <div class=\"overlay-circle\"><\/div> <a href=\"https:\/\/frontier.com.tr\/en\/wp-content\/uploads\/2017\/06\/11-chamois-15.jpg\" class=\"gallery-item-link fancy-gallery\" data-fancybox=\"gallery-69ea6105d7da7\"> <span class=\"slide-info\"> <\/span> <\/a> <div class=\"overlay-content\"> <div class=\"overlay-content-center\"> <div class=\"overlay-content-inner\"> <a href=\"https:\/\/frontier.com.tr\/en\/wp-content\/uploads\/2017\/06\/11-chamois-15.jpg\" class=\"icon photo \" > <\/a> <div class=\"overlay-line\"><\/div> <\/div> <\/div> <\/div> <\/div> <\/div> <\/div> <\/li> <li class=\"gallery-item gallery-0 col-xs-12 col-sm-6 col-md-6 item-animations-not-inited single-icon post-30460 page type-page status-publish\" style=\"\"> <div class=\"wrap gem-wrapbox-style-default\"> <div class=\"overlay-wrap\"> <div class=\"image-wrap \"> <picture> <source srcset=\"https:\/\/frontier.com.tr\/en\/wp-content\/uploads\/2017\/06\/5-turgay-web2-thegem-product-justified-square-xl.jpg 1x\" sizes=\"100vw\"> <img src=\"https:\/\/frontier.com.tr\/en\/wp-content\/uploads\/2017\/06\/5-turgay-web2-thegem-product-justified-square-xl.jpg\" width=\"700\" height=\"557\" class=\"attachment-thegem-product-justified-square-xl\" alt=\"5-turgay-web2\" \/> <\/picture> <\/div> <div class=\"overlay \"> <div class=\"overlay-circle\"><\/div> <a href=\"https:\/\/frontier.com.tr\/en\/wp-content\/uploads\/2017\/06\/5-turgay-web2.jpg\" class=\"gallery-item-link fancy-gallery\" data-fancybox=\"gallery-69ea6105d7da7\"> <span class=\"slide-info\"> <\/span> <\/a> <div class=\"overlay-content\"> <div class=\"overlay-content-center\"> <div class=\"overlay-content-inner\"> <a href=\"https:\/\/frontier.com.tr\/en\/wp-content\/uploads\/2017\/06\/5-turgay-web2.jpg\" class=\"icon photo \" > <\/a> <div class=\"overlay-line\"><\/div> <\/div> <\/div> <\/div> <\/div> <\/div> <\/div> <\/li> <li class=\"gallery-item gallery-0 col-xs-12 col-sm-6 col-md-6 item-animations-not-inited single-icon post-30460 page type-page status-publish\" style=\"\"> <div class=\"wrap gem-wrapbox-style-default\"> <div class=\"overlay-wrap\"> <div class=\"image-wrap \"> <picture> <source srcset=\"https:\/\/frontier.com.tr\/en\/wp-content\/uploads\/2017\/06\/18-ka\u011fan-web3-thegem-product-justified-square-xl.jpg 1x\" sizes=\"100vw\"> <img src=\"https:\/\/frontier.com.tr\/en\/wp-content\/uploads\/2017\/06\/18-ka\u011fan-web3-thegem-product-justified-square-xl.jpg\" width=\"700\" height=\"557\" class=\"attachment-thegem-product-justified-square-xl\" alt=\"18-ka\u011fan-web3\" \/> <\/picture> <\/div> <div class=\"overlay \"> <div class=\"overlay-circle\"><\/div> <a href=\"https:\/\/frontier.com.tr\/en\/wp-content\/uploads\/2017\/06\/18-ka\u011fan-web3.jpg\" class=\"gallery-item-link fancy-gallery\" data-fancybox=\"gallery-69ea6105d7da7\"> <span class=\"slide-info\"> <\/span> <\/a> <div class=\"overlay-content\"> <div class=\"overlay-content-center\"> <div class=\"overlay-content-inner\"> <a href=\"https:\/\/frontier.com.tr\/en\/wp-content\/uploads\/2017\/06\/18-ka\u011fan-web3.jpg\" class=\"icon photo \" > <\/a> <div class=\"overlay-line\"><\/div> <\/div> <\/div> <\/div> <\/div> <\/div> <\/div> <\/li> <\/ul> <\/div> <\/div> <\/div> <\/div>[\/vc_column][\/vc_row]<\/p>\n<\/div>","protected":false},"excerpt":{"rendered":"<p>[vc_row][vc_column][vc_column_text css=&#8221;&#8221;] TURKEY [\/vc_column_text][\/vc_column][\/vc_row][vc_row][vc_column width=&#8221;1\/6&#8243;][vc_single_image image=&#8221;30178&#8243; img_size=&#8221;990&#215;550&#8243; onclick=&#8221;custom_link&#8221; css=&#8221;.vc_custom_1577745354457{margin-bottom: 0px !important;}&#8221; css_animation=&#8221;fadeIn&#8221; link=&#8221;https:\/\/frontier.com.tr\/en\/anatolian-bezoar-ibex\/&#8221;][vc_column_text css=&#8221;.vc_custom_1497020615316{background-color: #ededed !important;}&#8221;] ANATOLIAN BEZOAR IBEX [\/vc_column_text][\/vc_column][vc_column&#8230;<\/p>\n","protected":false},"author":1,"featured_media":0,"parent":0,"menu_order":0,"comment_status":"closed","ping_status":"closed","template":"","meta":{"_monsterinsights_skip_tracking":false,"_monsterinsights_sitenote_active":false,"_monsterinsights_sitenote_note":"","_monsterinsights_sitenote_category":0,"footnotes":""},"class_list":["post-30460","page","type-page","status-publish"],"aioseo_notices":[],"_links":{"self":[{"href":"https:\/\/frontier.com.tr\/en\/wp-json\/wp\/v2\/pages\/30460","targetHints":{"allow":["GET"]}}],"collection":[{"href":"https:\/\/frontier.com.tr\/en\/wp-json\/wp\/v2\/pages"}],"about":[{"href":"https:\/\/frontier.com.tr\/en\/wp-json\/wp\/v2\/types\/page"}],"author":[{"embeddable":true,"href":"https:\/\/frontier.com.tr\/en\/wp-json\/wp\/v2\/users\/1"}],"replies":[{"embeddable":true,"href":"https:\/\/frontier.com.tr\/en\/wp-json\/wp\/v2\/comments?post=30460"}],"version-history":[{"count":12,"href":"https:\/\/frontier.com.tr\/en\/wp-json\/wp\/v2\/pages\/30460\/revisions"}],"predecessor-version":[{"id":31371,"href":"https:\/\/frontier.com.tr\/en\/wp-json\/wp\/v2\/pages\/30460\/revisions\/31371"}],"wp:attachment":[{"href":"https:\/\/frontier.com.tr\/en\/wp-json\/wp\/v2\/media?parent=30460"}],"curies":[{"name":"wp","href":"https:\/\/api.w.org\/{rel}","templated":true}]}}