{"id":30444,"date":"2019-12-30T21:52:36","date_gmt":"2019-12-30T21:52:36","guid":{"rendered":"https:\/\/frontier.com.tr\/en\/?page_id=30444"},"modified":"2025-04-23T22:08:48","modified_gmt":"2025-04-23T22:08:48","slug":"anatolian-bezoar-ibex","status":"publish","type":"page","link":"https:\/\/frontier.com.tr\/en\/anatolian-bezoar-ibex\/","title":{"rendered":"Anatolian Bezoar Ibex"},"content":{"rendered":"<div class=\"wpb-content-wrapper\"><p>[vc_row][vc_column][vc_column_text css=&#8221;&#8221;]<\/p>\n<h3 style=\"text-align: center;\"><strong>TURKEY<\/strong><\/h3>\n<p>[\/vc_column_text][\/vc_column][\/vc_row][vc_row][vc_column width=&#8221;1\/6&#8243;][vc_single_image image=&#8221;30178&#8243; img_size=&#8221;990&#215;550&#8243; onclick=&#8221;custom_link&#8221; css=&#8221;.vc_custom_1577745076393{margin-bottom: 0px !important;}&#8221; css_animation=&#8221;fadeIn&#8221; link=&#8221;https:\/\/frontier.com.tr\/en\/anatolian-bezoar-ibex\/&#8221;][vc_column_text css=&#8221;.vc_custom_1577745235625{background-color: #dd8706 !important;}&#8221;]<\/p>\n<div class=\"title-h6\" style=\"text-align: center;\"><span class=\"light\" style=\"color: #ffffff;\">ANATOLIAN BEZOAR IBEX<\/span><\/div>\n<p>[\/vc_column_text][\/vc_column][vc_column width=&#8221;1\/6&#8243;][vc_single_image image=&#8221;29745&#8243; img_size=&#8221;990&#215;550&#8243; onclick=&#8221;custom_link&#8221; css=&#8221;.vc_custom_1577745153916{margin-bottom: 0px !important;}&#8221; css_animation=&#8221;fadeIn&#8221; link=&#8221;https:\/\/frontier.com.tr\/en\/anatolian-chamois\/&#8221;][vc_column_text css=&#8221;.vc_custom_1497020724014{background-color: #ededed !important;}&#8221;]<\/p>\n<div class=\"title-h6\" style=\"text-align: center;\"><span class=\"light\">ANATOLIAN CHAMOIS<\/span><\/div>\n<p>[\/vc_column_text][\/vc_column][vc_column width=&#8221;1\/6&#8243;][vc_single_image image=&#8221;29740&#8243; img_size=&#8221;990&#215;550&#8243; onclick=&#8221;custom_link&#8221; css=&#8221;.vc_custom_1577748251364{margin-bottom: 0px !important;}&#8221; css_animation=&#8221;fadeIn&#8221; link=&#8221;https:\/\/frontier.com.tr\/en\/anatolian-gazelle\/&#8221;][vc_column_text css=&#8221;.vc_custom_1497020738922{background-color: #f9f9f9 !important;}&#8221;]<\/p>\n<div class=\"title-h6\" style=\"text-align: center;\"><span class=\"light\">ANATOLIAN GAZELLE<\/span><\/div>\n<p>[\/vc_column_text][\/vc_column][vc_column width=&#8221;1\/6&#8243;][vc_single_image image=&#8221;29735&#8243; img_size=&#8221;990&#215;550&#8243; onclick=&#8221;custom_link&#8221; css=&#8221;.vc_custom_1577747684382{margin-bottom: 0px !important;}&#8221; link=&#8221;https:\/\/frontier.com.tr\/en\/anatolian-hybrid-ibex\/&#8221;][vc_column_text css=&#8221;.vc_custom_1497020753186{background-color: #ededed !important;}&#8221;]<\/p>\n<div class=\"title-h6\" style=\"text-align: center;\"><span class=\"light\">ANATOLIAN HYBRID IBEX<\/span><\/div>\n<p>[\/vc_column_text][\/vc_column][vc_column width=&#8221;1\/6&#8243;][vc_single_image image=&#8221;29765&#8243; img_size=&#8221;990&#215;550&#8243; onclick=&#8221;custom_link&#8221; css=&#8221;.vc_custom_1577748209884{margin-bottom: 0px !important;}&#8221; link=&#8221;https:\/\/frontier.com.tr\/en\/anatolian-red-deer&#8221;][vc_column_text css=&#8221;.vc_custom_1497020786241{background-color: #ededed !important;}&#8221;]<\/p>\n<div class=\"title-h6\" style=\"text-align: center;\"><span class=\"light\">ANATOLIAN RED DEER<\/span><\/div>\n<p>[\/vc_column_text][\/vc_column][vc_column width=&#8221;1\/6&#8243;][vc_single_image image=&#8221;30119&#8243; img_size=&#8221;990&#215;550&#8243; onclick=&#8221;custom_link&#8221; css=&#8221;.vc_custom_1577748288259{margin-bottom: 0px !important;}&#8221; link=&#8221;https:\/\/frontier.com.tr\/en\/anatolian-wild-boar&#8221;][vc_column_text css=&#8221;.vc_custom_1497020863527{background-color: #ededed !important;}&#8221;]<\/p>\n<div class=\"title-h6\" style=\"text-align: center;\"><span class=\"light\">ANATOLIAN WILD BOAR<\/span><\/div>\n<p>[\/vc_column_text][\/vc_column][\/vc_row][vc_row][vc_column width=&#8221;1\/2&#8243;][vc_column_text]<\/p>\n<div class=\"wpb_text_column wpb_content_element \">\n<div class=\"wpb_wrapper\">\n<h5 style=\"text-align: justify;\"><span style=\"font-size: 14pt;\">ANATOLIAN BEZOAR IBEX HUNTING<\/span><\/h5>\n<\/div>\n<\/div>\n<div class=\"wpb_text_column wpb_content_element \">\n<div class=\"wpb_wrapper\">\n<p style=\"text-align: justify;\"><span style=\"font-size: 10pt;\">(Capra hircus aegagrus, Capra aegagrus aegagrus, Bezoar Ibex, Anatolian Bezoar Ibex, Wild goat, Bezoarwild, Bauguetin)<\/span><\/p>\n<p style=\"text-align: justify;\">Bezoar Ibex which is called \u201cGeyik\u201d by Anatolian local\u2019s lives in the steep hills, abrupt locations covered with forests and short bushes starting from the see level at Aegean and up to the altitude of 3000mt in East Turkey. It is known as the noblest ibex between all ibex species on earth. High trophy ranks and world records on ibex always came from Turkey. Turkish government has provided a great increase in the population with a close protection program to the ibex habitat. Ibex weights about 50-85kg. Anatolian ibex hunt can be combined with red deer, hybrid ibex and gazelle.<\/p>\n<p style=\"text-align: justify;\"><strong>Hunting Season:<\/strong>\u00a0Hunting season starts as of August 1st and end by March 31st. Mating season is November, December and January.<\/p>\n<p style=\"text-align: justify;\"><strong>Anatolian Ibex Hunt:<\/strong>\u00a0The hunt is generally done during the mating season by stalking. This hunt requires a good body fitness. It is possible to get close to ibexes during the mating season however generally shooting distance is between 200m to 300mt. Due to nature construction in some areas, shooting distances may extend. Our professional guides starts glassing and tracking before the hunter\u2019s arrival for a successful hunt. Available hunting locations are Antalya, Dat\u00e7a, Finike, K\u00f6yce\u011fiz, Alanya, Konya, Ni\u011fde, Kayseri, Erzincan, Erzurum, Bing\u00f6l and Artvin, Adana, Mersin, Ad\u0131yaman, Giresun.<\/p>\n<p style=\"text-align: justify;\"><strong>Camp\/Hotel:<\/strong>\u00a0Accommodation will be generally provided in hotels by the area, nearby cottages and lodges. However fly camps might be used in certain locaitions. All accommodations are hygienic and safe at all locations.<\/p>\n<p style=\"text-align: justify;\"><strong>Weather:<\/strong>\u00a0Weather is generally cool\/cold in day time and very cold at nights in November, December, January. Weather may change due to the hunting location. It is generally warmer in closer locations to the sea. However weather is generally -5 to -15c day time and -10 to -20c at nights in mid Anatolia. It might rain or snow during this season.<\/p>\n<p style=\"text-align: justify;\"><strong>Transportation:<\/strong>\u00a0Turkish Airlines and other Turkish private airways (Pegas, Pegasus, Onur Air, Atlas Jet, Anadolu Jet) flies to any domestic location from \u0130stanbul and Ankara. However our company suggest Turkish Airlines since they are the best company with handling firearms and ammo.<\/p>\n<\/div>\n<\/div>\n<p>[\/vc_column_text][\/vc_column][vc_column width=&#8221;1\/2&#8243;]<style>.gem-gallery-grid#style-69e38f3cb734c .gallery-item { padding: calc(5px\/2) !important; }.gem-gallery-grid#style-69e38f3cb734c .gallery-set { margin-top: calc(-5px\/2); margin-bottom: calc(-5px\/2); }.gem-gallery-grid#style-69e38f3cb734c .not-fullwidth-block .gallery-set, .gem-gallery-grid#style-69e38f3cb734c .not-fullwidth-block .portfolio-item-size-container { margin-left: calc(-5px\/2); margin-right: calc(-5px\/2); }.gem-gallery-grid#style-69e38f3cb734c .fullwidth-block { padding-left: calc(5px\/2); padding-right: calc(5px\/2); }.gem-gallery-grid#style-69e38f3cb734c .portfolio-filters { text-align: center }<\/style> <div class=\"gallery-preloader-wrapper\"> <div class=\"row\"> <div id=\"style-69e38f3cb734c\" class=\"gem-gallery-grid col-lg-12 col-md-12 col-sm-12 gallery-style-justified hover-zooming-blur loading-animation item-animation-move-up columns-2 columns-tablet-2 columns-mobile-1 gaps-margin disable-isotope \" data-hover=\"zooming-blur\" data-uid=\"69e38f3cb734c\" data-filter=\"[]\"> <div class=\"portfolio not-fullwidth-block \"> <ul class=\"gallery-set clearfix\" data-max-row-height=\"380\"> <li class=\"gallery-item gallery-0 col-xs-12 col-sm-6 col-md-6 item-animations-not-inited single-icon post-30444 page type-page status-publish\" style=\"\"> <div class=\"wrap gem-wrapbox-style-default\"> <div class=\"overlay-wrap\"> <div class=\"image-wrap \"> <picture> <source srcset=\"https:\/\/frontier.com.tr\/en\/wp-content\/uploads\/2025\/01\/WhatsApp-Image-2025-01-25-at-03.44.48-thegem-product-justified-square-xl.jpeg 1x\" sizes=\"100vw\"> <img src=\"https:\/\/frontier.com.tr\/en\/wp-content\/uploads\/2025\/01\/WhatsApp-Image-2025-01-25-at-03.44.48-thegem-product-justified-square-xl.jpeg\" width=\"700\" height=\"700\" class=\"attachment-thegem-product-justified-square-xl\" alt=\"WhatsApp Image 2025-01-25 at 03.44.48\" \/> <\/picture> <\/div> <div class=\"overlay \"> <div class=\"overlay-circle\"><\/div> <a href=\"https:\/\/frontier.com.tr\/en\/wp-content\/uploads\/2025\/01\/WhatsApp-Image-2025-01-25-at-03.44.48.jpeg\" class=\"gallery-item-link fancy-gallery\" data-fancybox=\"gallery-69e38f3cb734c\"> <span class=\"slide-info\"> <\/span> <\/a> <div class=\"overlay-content\"> <div class=\"overlay-content-center\"> <div class=\"overlay-content-inner\"> <a href=\"https:\/\/frontier.com.tr\/en\/wp-content\/uploads\/2025\/01\/WhatsApp-Image-2025-01-25-at-03.44.48.jpeg\" class=\"icon photo \" > <\/a> <div class=\"overlay-line\"><\/div> <\/div> <\/div> <\/div> <\/div> <\/div> <\/div> <\/li> <li class=\"gallery-item gallery-0 col-xs-12 col-sm-6 col-md-6 item-animations-not-inited single-icon post-30444 page type-page status-publish\" style=\"\"> <div class=\"wrap gem-wrapbox-style-default\"> <div class=\"overlay-wrap\"> <div class=\"image-wrap \"> <picture> <source srcset=\"https:\/\/frontier.com.tr\/en\/wp-content\/uploads\/2025\/01\/bezoar2025-thegem-product-justified-square-xl.jpeg 1x\" sizes=\"100vw\"> <img src=\"https:\/\/frontier.com.tr\/en\/wp-content\/uploads\/2025\/01\/bezoar2025-thegem-product-justified-square-xl.jpeg\" width=\"700\" height=\"700\" class=\"attachment-thegem-product-justified-square-xl\" alt=\"bezoar2025\" \/> <\/picture> <\/div> <div class=\"overlay \"> <div class=\"overlay-circle\"><\/div> <a href=\"https:\/\/frontier.com.tr\/en\/wp-content\/uploads\/2025\/01\/bezoar2025.jpeg\" class=\"gallery-item-link fancy-gallery\" data-fancybox=\"gallery-69e38f3cb734c\"> <span class=\"slide-info\"> <\/span> <\/a> <div class=\"overlay-content\"> <div class=\"overlay-content-center\"> <div class=\"overlay-content-inner\"> <a href=\"https:\/\/frontier.com.tr\/en\/wp-content\/uploads\/2025\/01\/bezoar2025.jpeg\" class=\"icon photo \" > <\/a> <div class=\"overlay-line\"><\/div> <\/div> <\/div> <\/div> <\/div> <\/div> <\/div> <\/li> <li class=\"gallery-item gallery-0 col-xs-12 col-sm-6 col-md-6 item-animations-not-inited single-icon post-30444 page type-page status-publish\" style=\"\"> <div class=\"wrap gem-wrapbox-style-default\"> <div class=\"overlay-wrap\"> <div class=\"image-wrap \"> <picture> <source srcset=\"https:\/\/frontier.com.tr\/en\/wp-content\/uploads\/2025\/06\/Santos-thegem-product-justified-square-xl.jpg 1x\" sizes=\"100vw\"> <img src=\"https:\/\/frontier.com.tr\/en\/wp-content\/uploads\/2025\/06\/Santos-thegem-product-justified-square-xl.jpg\" width=\"700\" height=\"700\" class=\"attachment-thegem-product-justified-square-xl\" alt=\"Santos\" \/> <\/picture> <\/div> <div class=\"overlay \"> <div class=\"overlay-circle\"><\/div> <a href=\"https:\/\/frontier.com.tr\/en\/wp-content\/uploads\/2025\/06\/Santos.jpg\" class=\"gallery-item-link fancy-gallery\" data-fancybox=\"gallery-69e38f3cb734c\"> <span class=\"slide-info\"> <\/span> <\/a> <div class=\"overlay-content\"> <div class=\"overlay-content-center\"> <div class=\"overlay-content-inner\"> <a href=\"https:\/\/frontier.com.tr\/en\/wp-content\/uploads\/2025\/06\/Santos.jpg\" class=\"icon photo \" > <\/a> <div class=\"overlay-line\"><\/div> <\/div> <\/div> <\/div> <\/div> <\/div> <\/div> <\/li> <li class=\"gallery-item gallery-0 col-xs-12 col-sm-6 col-md-6 item-animations-not-inited single-icon post-30444 page type-page status-publish\" style=\"\"> <div class=\"wrap gem-wrapbox-style-default\"> <div class=\"overlay-wrap\"> <div class=\"image-wrap \"> <picture> <source srcset=\"https:\/\/frontier.com.tr\/en\/wp-content\/uploads\/2025\/01\/WhatsApp-Image-2025-01-25-at-03.55.09-thegem-product-justified-square-xl.jpeg 1x\" sizes=\"100vw\"> <img src=\"https:\/\/frontier.com.tr\/en\/wp-content\/uploads\/2025\/01\/WhatsApp-Image-2025-01-25-at-03.55.09-thegem-product-justified-square-xl.jpeg\" width=\"700\" height=\"700\" class=\"attachment-thegem-product-justified-square-xl\" alt=\"WhatsApp Image 2025-01-25 at 03.55.09\" \/> <\/picture> <\/div> <div class=\"overlay \"> <div class=\"overlay-circle\"><\/div> <a href=\"https:\/\/frontier.com.tr\/en\/wp-content\/uploads\/2025\/01\/WhatsApp-Image-2025-01-25-at-03.55.09.jpeg\" class=\"gallery-item-link fancy-gallery\" data-fancybox=\"gallery-69e38f3cb734c\"> <span class=\"slide-info\"> <\/span> <\/a> <div class=\"overlay-content\"> <div class=\"overlay-content-center\"> <div class=\"overlay-content-inner\"> <a href=\"https:\/\/frontier.com.tr\/en\/wp-content\/uploads\/2025\/01\/WhatsApp-Image-2025-01-25-at-03.55.09.jpeg\" class=\"icon photo \" > <\/a> <div class=\"overlay-line\"><\/div> <\/div> <\/div> <\/div> <\/div> <\/div> <\/div> <\/li> <li class=\"gallery-item gallery-0 col-xs-12 col-sm-6 col-md-6 item-animations-not-inited single-icon post-30444 page type-page status-publish\" style=\"\"> <div class=\"wrap gem-wrapbox-style-default\"> <div class=\"overlay-wrap\"> <div class=\"image-wrap \"> <picture> <source srcset=\"https:\/\/frontier.com.tr\/en\/wp-content\/uploads\/2019\/12\/onur1-thegem-product-justified-square-xl.jpg 1x\" sizes=\"100vw\"> <img src=\"https:\/\/frontier.com.tr\/en\/wp-content\/uploads\/2019\/12\/onur1-thegem-product-justified-square-xl.jpg\" width=\"700\" height=\"555\" class=\"attachment-thegem-product-justified-square-xl\" alt=\"onur1\" \/> <\/picture> <\/div> <div class=\"overlay \"> <div class=\"overlay-circle\"><\/div> <a href=\"https:\/\/frontier.com.tr\/en\/wp-content\/uploads\/2019\/12\/onur1.jpg\" class=\"gallery-item-link fancy-gallery\" data-fancybox=\"gallery-69e38f3cb734c\"> <span class=\"slide-info\"> <\/span> <\/a> <div class=\"overlay-content\"> <div class=\"overlay-content-center\"> <div class=\"overlay-content-inner\"> <a href=\"https:\/\/frontier.com.tr\/en\/wp-content\/uploads\/2019\/12\/onur1.jpg\" class=\"icon photo \" > <\/a> <div class=\"overlay-line\"><\/div> <\/div> <\/div> <\/div> <\/div> <\/div> <\/div> <\/li> <li class=\"gallery-item gallery-0 col-xs-12 col-sm-6 col-md-6 item-animations-not-inited single-icon post-30444 page type-page status-publish\" style=\"\"> <div class=\"wrap gem-wrapbox-style-default\"> <div class=\"overlay-wrap\"> <div class=\"image-wrap \"> <picture> <source srcset=\"https:\/\/frontier.com.tr\/en\/wp-content\/uploads\/2019\/12\/20191107_171155-thegem-product-justified-square-xl.jpg 1x\" sizes=\"100vw\"> <img src=\"https:\/\/frontier.com.tr\/en\/wp-content\/uploads\/2019\/12\/20191107_171155-thegem-product-justified-square-xl.jpg\" width=\"700\" height=\"682\" class=\"attachment-thegem-product-justified-square-xl\" alt=\"20191107_171155\" \/> <\/picture> <\/div> <div class=\"overlay \"> <div class=\"overlay-circle\"><\/div> <a href=\"https:\/\/frontier.com.tr\/en\/wp-content\/uploads\/2019\/12\/20191107_171155.jpg\" class=\"gallery-item-link fancy-gallery\" data-fancybox=\"gallery-69e38f3cb734c\"> <span class=\"slide-info\"> <\/span> <\/a> <div class=\"overlay-content\"> <div class=\"overlay-content-center\"> <div class=\"overlay-content-inner\"> <a href=\"https:\/\/frontier.com.tr\/en\/wp-content\/uploads\/2019\/12\/20191107_171155.jpg\" class=\"icon photo \" > <\/a> <div class=\"overlay-line\"><\/div> <\/div> <\/div> <\/div> <\/div> <\/div> <\/div> <\/li> <li class=\"gallery-item gallery-0 col-xs-12 col-sm-6 col-md-6 item-animations-not-inited single-icon post-30444 page type-page status-publish\" style=\"\"> <div class=\"wrap gem-wrapbox-style-default\"> <div class=\"overlay-wrap\"> <div class=\"image-wrap \"> <picture> <source srcset=\"https:\/\/frontier.com.tr\/en\/wp-content\/uploads\/2019\/12\/WhatsApp-Image-2019-12-08-at-22.51.22-1-1-thegem-product-justified-square-xl.jpeg 1x\" sizes=\"100vw\"> <img src=\"https:\/\/frontier.com.tr\/en\/wp-content\/uploads\/2019\/12\/WhatsApp-Image-2019-12-08-at-22.51.22-1-1-thegem-product-justified-square-xl.jpeg\" width=\"700\" height=\"671\" class=\"attachment-thegem-product-justified-square-xl\" alt=\"WhatsApp Image 2019-12-08 at 22.51.22 (1)\" \/> <\/picture> <\/div> <div class=\"overlay \"> <div class=\"overlay-circle\"><\/div> <a href=\"https:\/\/frontier.com.tr\/en\/wp-content\/uploads\/2019\/12\/WhatsApp-Image-2019-12-08-at-22.51.22-1-1.jpeg\" class=\"gallery-item-link fancy-gallery\" data-fancybox=\"gallery-69e38f3cb734c\"> <span class=\"slide-info\"> <\/span> <\/a> <div class=\"overlay-content\"> <div class=\"overlay-content-center\"> <div class=\"overlay-content-inner\"> <a href=\"https:\/\/frontier.com.tr\/en\/wp-content\/uploads\/2019\/12\/WhatsApp-Image-2019-12-08-at-22.51.22-1-1.jpeg\" class=\"icon photo \" > <\/a> <div class=\"overlay-line\"><\/div> <\/div> <\/div> <\/div> <\/div> <\/div> <\/div> <\/li> <li class=\"gallery-item gallery-0 col-xs-12 col-sm-6 col-md-6 item-animations-not-inited single-icon post-30444 page type-page status-publish\" style=\"\"> <div class=\"wrap gem-wrapbox-style-default\"> <div class=\"overlay-wrap\"> <div class=\"image-wrap \"> <picture> <source srcset=\"https:\/\/frontier.com.tr\/en\/wp-content\/uploads\/2019\/07\/ilker-thegem-product-justified-square-xl.jpg 1x\" sizes=\"100vw\"> <img src=\"https:\/\/frontier.com.tr\/en\/wp-content\/uploads\/2019\/07\/ilker-thegem-product-justified-square-xl.jpg\" width=\"700\" height=\"557\" class=\"attachment-thegem-product-justified-square-xl\" alt=\"\" \/> <\/picture> <\/div> <div class=\"overlay \"> <div class=\"overlay-circle\"><\/div> <a href=\"https:\/\/frontier.com.tr\/en\/wp-content\/uploads\/2019\/07\/ilker.jpg\" class=\"gallery-item-link fancy-gallery\" data-fancybox=\"gallery-69e38f3cb734c\"> <span class=\"slide-info\"> <\/span> <\/a> <div class=\"overlay-content\"> <div class=\"overlay-content-center\"> <div class=\"overlay-content-inner\"> <a href=\"https:\/\/frontier.com.tr\/en\/wp-content\/uploads\/2019\/07\/ilker.jpg\" class=\"icon photo \" > <\/a> <div class=\"overlay-line\"><\/div> <\/div> <\/div> <\/div> <\/div> <\/div> <\/div> <\/li> <\/ul> <\/div> <\/div> <\/div> <\/div>[\/vc_column][\/vc_row]<\/p>\n<\/div>","protected":false},"excerpt":{"rendered":"<p>[vc_row][vc_column][vc_column_text css=&#8221;&#8221;] TURKEY [\/vc_column_text][\/vc_column][\/vc_row][vc_row][vc_column width=&#8221;1\/6&#8243;][vc_single_image image=&#8221;30178&#8243; img_size=&#8221;990&#215;550&#8243; onclick=&#8221;custom_link&#8221; css=&#8221;.vc_custom_1577745076393{margin-bottom: 0px !important;}&#8221; css_animation=&#8221;fadeIn&#8221; link=&#8221;https:\/\/frontier.com.tr\/en\/anatolian-bezoar-ibex\/&#8221;][vc_column_text css=&#8221;.vc_custom_1577745235625{background-color: #dd8706 !important;}&#8221;] ANATOLIAN BEZOAR IBEX [\/vc_column_text][\/vc_column][vc_column&#8230;<\/p>\n","protected":false},"author":1,"featured_media":0,"parent":0,"menu_order":0,"comment_status":"closed","ping_status":"closed","template":"","meta":{"_monsterinsights_skip_tracking":false,"_monsterinsights_sitenote_active":false,"_monsterinsights_sitenote_note":"","_monsterinsights_sitenote_category":0,"footnotes":""},"class_list":["post-30444","page","type-page","status-publish"],"aioseo_notices":[],"_links":{"self":[{"href":"https:\/\/frontier.com.tr\/en\/wp-json\/wp\/v2\/pages\/30444","targetHints":{"allow":["GET"]}}],"collection":[{"href":"https:\/\/frontier.com.tr\/en\/wp-json\/wp\/v2\/pages"}],"about":[{"href":"https:\/\/frontier.com.tr\/en\/wp-json\/wp\/v2\/types\/page"}],"author":[{"embeddable":true,"href":"https:\/\/frontier.com.tr\/en\/wp-json\/wp\/v2\/users\/1"}],"replies":[{"embeddable":true,"href":"https:\/\/frontier.com.tr\/en\/wp-json\/wp\/v2\/comments?post=30444"}],"version-history":[{"count":22,"href":"https:\/\/frontier.com.tr\/en\/wp-json\/wp\/v2\/pages\/30444\/revisions"}],"predecessor-version":[{"id":31370,"href":"https:\/\/frontier.com.tr\/en\/wp-json\/wp\/v2\/pages\/30444\/revisions\/31370"}],"wp:attachment":[{"href":"https:\/\/frontier.com.tr\/en\/wp-json\/wp\/v2\/media?parent=30444"}],"curies":[{"name":"wp","href":"https:\/\/api.w.org\/{rel}","templated":true}]}}