{"id":29108,"date":"2017-05-01T00:44:56","date_gmt":"2017-05-01T00:44:56","guid":{"rendered":"http:\/\/turuncudijital.com\/frontier\/?page_id=29108"},"modified":"2025-06-25T14:25:06","modified_gmt":"2025-06-25T14:25:06","slug":"testimonials","status":"publish","type":"page","link":"https:\/\/frontier.com.tr\/en\/testimonials\/","title":{"rendered":"Testimonials"},"content":{"rendered":"<div class=\"wpb-content-wrapper\"><p>[vc_row][vc_column]<div class=\"preloader\"><div class=\"preloader-spin\"><\/div><\/div><div class=\"size-large style2 gem-testimonials random-order\" style=background-color:> <div id=\"post-23832\" class=\"gem-testimonial-item post-23832 thegem_testimonial type-thegem_testimonial status-publish has-post-thumbnail\"> <div class=\"gem-testimonial-wrapper \"> <div class=\"gem-testimonial-image\"> <img width=\"160\" height=\"160\" src=\"https:\/\/frontier.com.tr\/en\/wp-content\/uploads\/2017\/04\/paul-thegem-person-160.jpg\" class=\"img-responsive img-circle wp-post-image\" alt=\"paul\" srcset=\"https:\/\/frontier.com.tr\/en\/wp-content\/uploads\/2017\/04\/paul-thegem-testimonial.jpg 2x\" sizes=\"100vw\" \/> <\/div> <div class=\"gem-testimonial-content\"> <div class=\"gem-testimonial-name\" >Paul Keating Hunter (UK)<\/div> <div class=\"gem-testimonial-position\" >Hunter<\/div> <div class=\"gem-testimonial-text\" > <p style=\"text-align: justify;\">I hunted bezoar ibex with Recep and Frontier Safaris and can\u2019t thank them enough. First-class service from start to finish. Outfitters and guides were the best I have ever dealt with and made me feel welcome and safe. I look forward to my next trip with Frontier Outdoor Adventure Company.<\/p> <\/div> <\/div> <\/div> <\/div> <div id=\"post-23833\" class=\"gem-testimonial-item post-23833 thegem_testimonial type-thegem_testimonial status-publish has-post-thumbnail\"> <div class=\"gem-testimonial-wrapper \"> <div class=\"gem-testimonial-image\"> <img width=\"160\" height=\"160\" src=\"https:\/\/frontier.com.tr\/en\/wp-content\/uploads\/2017\/04\/caleb-thegem-person-160.jpg\" class=\"img-responsive img-circle wp-post-image\" alt=\"caleb\" srcset=\"https:\/\/frontier.com.tr\/en\/wp-content\/uploads\/2017\/04\/caleb-thegem-testimonial.jpg 2x\" sizes=\"100vw\" \/> <\/div> <div class=\"gem-testimonial-content\"> <div class=\"gem-testimonial-name\" >Benjamin Caleb Wright Hunter (USA)<\/div> <div class=\"gem-testimonial-position\" >Hunter<\/div> <div class=\"gem-testimonial-text\" > <p style=\"text-align: justify;\">I trust Frontier Outfitters for my personal success and for our clients. Recep always delivers top-quality hunts and world-class trophies!<\/p> <\/div> <\/div> <\/div> <\/div> <div id=\"post-28854\" class=\"gem-testimonial-item post-28854 thegem_testimonial type-thegem_testimonial status-publish has-post-thumbnail\"> <div class=\"gem-testimonial-wrapper \"> <div class=\"gem-testimonial-image\"> <img width=\"160\" height=\"160\" src=\"https:\/\/frontier.com.tr\/en\/wp-content\/uploads\/2017\/04\/carlos-thegem-person-160.jpg\" class=\"img-responsive img-circle wp-post-image\" alt=\"carlos\" srcset=\"https:\/\/frontier.com.tr\/en\/wp-content\/uploads\/2017\/04\/carlos-thegem-testimonial.jpg 2x\" sizes=\"100vw\" \/> <\/div> <div class=\"gem-testimonial-content\"> <div class=\"gem-testimonial-name\" >Carlos Marin Hunter (SPAIN)<\/div> <div class=\"gem-testimonial-position\" >Hunter<\/div> <div class=\"gem-testimonial-text\" > <p style=\"text-align: justify;\">I have hunted with Recep on four occasions, and I have to say that having traveled extensively over the last 17 years, his operation is second to none. He is very well known and connected in Turkey and delivers a first-class service, always exceeding my expectations in all aspects. Hopefully I will go back soon to hunt some new kinds of game.<\/p> <\/div> <\/div> <\/div> <\/div> <div id=\"post-28855\" class=\"gem-testimonial-item post-28855 thegem_testimonial type-thegem_testimonial status-publish has-post-thumbnail\"> <div class=\"gem-testimonial-wrapper \"> <div class=\"gem-testimonial-image\"> <img width=\"160\" height=\"160\" src=\"https:\/\/frontier.com.tr\/en\/wp-content\/uploads\/2017\/04\/henry-thegem-person-160.jpg\" class=\"img-responsive img-circle wp-post-image\" alt=\"henry\" srcset=\"https:\/\/frontier.com.tr\/en\/wp-content\/uploads\/2017\/04\/henry-thegem-testimonial.jpg 2x\" sizes=\"100vw\" \/> <\/div> <div class=\"gem-testimonial-content\"> <div class=\"gem-testimonial-name\" >Henry Skeffington Director (UK)<\/div> <div class=\"gem-testimonial-position\" >Director Real Big 5<\/div> <div class=\"gem-testimonial-text\" > <p style=\"text-align: justify;\">The hunt was excellent, the scenery truly beautiful, and the animals were spectacular. The guides were very experienced and carefully calculated their moves rather than rushing in. The organization was excellent. I was well looked after, made to feel safe and was kept involved through the entire hunt. I have hunted all over the world, and Turkey is one of my favorite locations to hunt in. This hunt was not the hardest I have ever done. It is achievable for most able hunters but also is challenging enough that you feel it was a great experience. I very much recommend Frontier for anyone considering a Bezoar. On the day I shot the beast, there must have been over 150 animals in the surrounding mountains giving me plenty of choices for the perfect billy. Frontier Outdoor Adventure Company certainly has access to the best hunting grounds in Turkey, and the guides are some of the toughest, friendliest and best that I have ever had the pleasure to work with. Many thanks.<\/p> <\/div> <\/div> <\/div> <\/div> <div id=\"post-28856\" class=\"gem-testimonial-item post-28856 thegem_testimonial type-thegem_testimonial status-publish has-post-thumbnail\"> <div class=\"gem-testimonial-wrapper \"> <div class=\"gem-testimonial-image\"> <img width=\"160\" height=\"160\" src=\"https:\/\/frontier.com.tr\/en\/wp-content\/uploads\/2017\/04\/jens-thegem-person-160.jpg\" class=\"img-responsive img-circle wp-post-image\" alt=\"\" srcset=\"https:\/\/frontier.com.tr\/en\/wp-content\/uploads\/2017\/04\/jens-thegem-testimonial.jpg 2x\" sizes=\"100vw\" \/> <\/div> <div class=\"gem-testimonial-content\"> <div class=\"gem-testimonial-name\" >Jens Kjaer Knudsen (DENMARK)<\/div> <div class=\"gem-testimonial-position\" >H\u00e4rkila Pro Team member.<\/div> <div class=\"gem-testimonial-text\" > <p style=\"text-align: justify;\">Hunting Anatolian Chamois in Turkey with Recep Ecer and Frontier Hunting Safaris were a very pleasant, well-organized and professional managed experience. The hunting area, the guides and accommodation which were from quit luxury in cities to rustic in the mountains were all very good. Trophy handling were top class too. No matter the political situation in Turkey, we did not worry about our safety at any time. Experiencing the hunt in Turkey with Recep Ecer who is an outfitter to trust were in any way a good experience. Hereby recommended.<\/p> <\/div> <\/div> <\/div> <\/div> <div id=\"post-28857\" class=\"gem-testimonial-item post-28857 thegem_testimonial type-thegem_testimonial status-publish has-post-thumbnail\"> <div class=\"gem-testimonial-wrapper \"> <div class=\"gem-testimonial-image\"> <img width=\"160\" height=\"160\" src=\"https:\/\/frontier.com.tr\/en\/wp-content\/uploads\/2017\/04\/nilsen-thegem-person-160.jpg\" class=\"img-responsive img-circle wp-post-image\" alt=\"nilsen\" srcset=\"https:\/\/frontier.com.tr\/en\/wp-content\/uploads\/2017\/04\/nilsen-thegem-testimonial.jpg 2x\" sizes=\"100vw\" \/> <\/div> <div class=\"gem-testimonial-content\"> <div class=\"gem-testimonial-name\" >Thomas Lindy Nissen (DENMARK)<\/div> <div class=\"gem-testimonial-position\" >International Hunting Journalist and Photographer.<\/div> <div class=\"gem-testimonial-text\" > <p style=\"text-align: justify;\">Hunting Anatolian Chamois in Turkey with Recep Ecer and Frontier Hunting Safaris were a very pleasant, well-organized and professional managed experience. The hunting area, the guides and accommodation \u2013 which were from quit luxury in cities to rustic in the mountains \u2013 were all very good. Trophy handling were top class too. No matter the political situation in Turkey, we did not worry about our safety at any time. Experiencing the hunt in Turkey with Recep Ecer who is an outfitter to trust were in any way a good experience. Hereby recommended.<\/p> <\/div> <\/div> <\/div> <\/div> <div id=\"post-28858\" class=\"gem-testimonial-item post-28858 thegem_testimonial type-thegem_testimonial status-publish has-post-thumbnail\"> <div class=\"gem-testimonial-wrapper \"> <div class=\"gem-testimonial-image\"> <img width=\"160\" height=\"160\" src=\"https:\/\/frontier.com.tr\/en\/wp-content\/uploads\/2017\/04\/sergey-thegem-person-160.jpg\" class=\"img-responsive img-circle wp-post-image\" alt=\"sergey\" srcset=\"https:\/\/frontier.com.tr\/en\/wp-content\/uploads\/2017\/04\/sergey-thegem-testimonial.jpg 2x\" sizes=\"100vw\" \/> <\/div> <div class=\"gem-testimonial-content\"> <div class=\"gem-testimonial-name\" >Sergey Marchenkov (RUSSIA)<\/div> <div class=\"gem-testimonial-position\" >Hunter<\/div> <div class=\"gem-testimonial-text\" > <p style=\"text-align: justify;\">I was hunting in Turkey for bezoar ibex with FRONTIER OUTDOOR ADVENTURE COMPANY twice. I want to note maximum focus all staff on achieving results and on creating for the client the most comfortable conditions. In my case, despite the adverse weather conditions the guides have done their best, and we got a beautiful trophy of ibex. I want to thank FRONTIER OUTDOOR ADVENTURE COMPANY and personally Mr. Recep Ecer for the excellent organization of hunting and wish them success in the future.<\/p> <\/div> <\/div> <\/div> <\/div> <div id=\"post-30170\" class=\"gem-testimonial-item post-30170 thegem_testimonial type-thegem_testimonial status-publish has-post-thumbnail\"> <div class=\"gem-testimonial-wrapper \"> <div class=\"gem-testimonial-image\"> <img width=\"160\" height=\"160\" src=\"https:\/\/frontier.com.tr\/en\/wp-content\/uploads\/2019\/07\/ohan-sundblad-e1564077579443-thegem-person-160.jpg\" class=\"img-responsive img-circle wp-post-image\" alt=\"Johan Sundblad\" srcset=\"https:\/\/frontier.com.tr\/en\/wp-content\/uploads\/2019\/07\/ohan-sundblad-e1564077579443-thegem-testimonial.jpg 2x\" sizes=\"100vw\" \/> <\/div> <div class=\"gem-testimonial-content\"> <div class=\"gem-testimonial-name\" >Johan Sundblad (DENMARK)<\/div> <div class=\"gem-testimonial-position\" >Hunter<\/div> <div class=\"gem-testimonial-text\" > <p style=\"text-align: justify;\">Frontier with Recep Ecer is a formidable organisation for a Turkish hunting experience. The guides, hospitality and their comparison does not leave much to ask for. They take very good care of everything. I especially liked their respect for the animal, the nature and Turkey.<\/p> <\/div> <\/div> <\/div> <\/div> <div id=\"post-30210\" class=\"gem-testimonial-item post-30210 thegem_testimonial type-thegem_testimonial status-publish has-post-thumbnail\"> <div class=\"gem-testimonial-wrapper \"> <div class=\"gem-testimonial-image\"> <img width=\"160\" height=\"160\" src=\"https:\/\/frontier.com.tr\/en\/wp-content\/uploads\/2019\/07\/freddybrevet-thegem-person-160.jpg\" class=\"img-responsive img-circle wp-post-image\" alt=\"freddybrevet\" srcset=\"https:\/\/frontier.com.tr\/en\/wp-content\/uploads\/2019\/07\/freddybrevet-thegem-testimonial.jpg 2x\" sizes=\"100vw\" \/> <\/div> <div class=\"gem-testimonial-content\"> <div class=\"gem-testimonial-name\" >Freddy BREVET (FRANCE)<\/div> <div class=\"gem-testimonial-position\" >Hunter<\/div> <div class=\"gem-testimonial-text\" > <p>Je remercie lacompaguie FRONTIER pour l&#8217;organisationde notre s\u00eajour de chasse au bezoard dans la r\u00eagionde Giresun \u00e2 Sebinkarahisar. Nous avans pass\u00ea superbe semaine avec personnes adorables etnousavans vus<\/p> <\/div> <\/div> <\/div> <\/div> <div id=\"post-31461\" class=\"gem-testimonial-item post-31461 thegem_testimonial type-thegem_testimonial status-publish has-post-thumbnail\"> <div class=\"gem-testimonial-wrapper \"> <div class=\"gem-testimonial-image\"> <img width=\"160\" height=\"160\" src=\"https:\/\/frontier.com.tr\/en\/wp-content\/uploads\/2025\/06\/williamtaylor-scaled-thegem-person-160.jpg\" class=\"img-responsive img-circle wp-post-image\" alt=\"williamtaylor\" srcset=\"https:\/\/frontier.com.tr\/en\/wp-content\/uploads\/2025\/06\/williamtaylor-scaled-thegem-testimonial.jpg 2x\" sizes=\"100vw\" \/> <\/div> <div class=\"gem-testimonial-content\"> <div class=\"gem-testimonial-name\" >William Taylor (USA)<\/div> <div class=\"gem-testimonial-position\" >Hunter<\/div> <div class=\"gem-testimonial-text\" > <p>Amazing hunt and great time in T\u00fcrkiye hunting with Turkish frontier. The hospitality we received was unmatched and the effort for not just a successful hunt but a successful and memorable trip as a whole was truly appreciated. Great guys with a first class\u00a0operation!<\/p> <\/div> <\/div> <\/div> <\/div> <div id=\"post-31465\" class=\"gem-testimonial-item post-31465 thegem_testimonial type-thegem_testimonial status-publish has-post-thumbnail\"> <div class=\"gem-testimonial-wrapper \"> <div class=\"gem-testimonial-image\"> <img width=\"160\" height=\"160\" src=\"https:\/\/frontier.com.tr\/en\/wp-content\/uploads\/2025\/06\/brenttucker-thegem-person-160.jpg\" class=\"img-responsive img-circle wp-post-image\" alt=\"brenttucker\" srcset=\"https:\/\/frontier.com.tr\/en\/wp-content\/uploads\/2025\/06\/brenttucker-thegem-testimonial.jpg 2x\" sizes=\"100vw\" \/> <\/div> <div class=\"gem-testimonial-content\"> <div class=\"gem-testimonial-name\" >Brent Tucker (USA)<\/div> <div class=\"gem-testimonial-position\" >Hunter<\/div> <div class=\"gem-testimonial-text\" > <p>If you want a great adventure, give Kutay and Recep with Frontier Outfitters a shout! They will make sure to put you on a Trophy Ibex! Not only will they get you on plenty of ibex; they will make sure your whole experience in Turkey is a great one. Can\u2019t wait to go back for a 3rd trip!!!<\/p> <\/div> <\/div> <\/div> <\/div> <div id=\"post-31469\" class=\"gem-testimonial-item post-31469 thegem_testimonial type-thegem_testimonial status-publish has-post-thumbnail\"> <div class=\"gem-testimonial-wrapper \"> <div class=\"gem-testimonial-image\"> <img width=\"160\" height=\"160\" src=\"https:\/\/frontier.com.tr\/en\/wp-content\/uploads\/2025\/06\/krisgrypptestimonial-thegem-person-160.jpg\" class=\"img-responsive img-circle wp-post-image\" alt=\"krisgrypptestimonial\" srcset=\"https:\/\/frontier.com.tr\/en\/wp-content\/uploads\/2025\/06\/krisgrypptestimonial-thegem-testimonial.jpg 2x\" sizes=\"100vw\" \/> <\/div> <div class=\"gem-testimonial-content\"> <div class=\"gem-testimonial-name\" >Kris Grypp (USA)<\/div> <div class=\"gem-testimonial-position\" >Hunter<\/div> <div class=\"gem-testimonial-text\" > <p>One of my most memorable hunts! Recep and his crew are some of the finest I&#8217;ve had the pleasure of hunting with.<\/p> <\/div> <\/div> <\/div> <\/div> <div class=\"testimonials_svg\"><svg style=\"fill: \" width=\"100\" height=\"50\"><path d=\"M 0,-1 Q 45,5 50,50 Q 55,5 100,-1\" \/><\/svg><\/div><\/div>[vc_empty_space][\/vc_column][\/vc_row]<\/p>\n<\/div>","protected":false},"excerpt":{"rendered":"<p>[vc_row][vc_column][vc_empty_space][\/vc_column][\/vc_row]<\/p>\n","protected":false},"author":1,"featured_media":0,"parent":0,"menu_order":0,"comment_status":"closed","ping_status":"closed","template":"","meta":{"_monsterinsights_skip_tracking":false,"_monsterinsights_sitenote_active":false,"_monsterinsights_sitenote_note":"","_monsterinsights_sitenote_category":0,"footnotes":""},"class_list":["post-29108","page","type-page","status-publish"],"aioseo_notices":[],"_links":{"self":[{"href":"https:\/\/frontier.com.tr\/en\/wp-json\/wp\/v2\/pages\/29108","targetHints":{"allow":["GET"]}}],"collection":[{"href":"https:\/\/frontier.com.tr\/en\/wp-json\/wp\/v2\/pages"}],"about":[{"href":"https:\/\/frontier.com.tr\/en\/wp-json\/wp\/v2\/types\/page"}],"author":[{"embeddable":true,"href":"https:\/\/frontier.com.tr\/en\/wp-json\/wp\/v2\/users\/1"}],"replies":[{"embeddable":true,"href":"https:\/\/frontier.com.tr\/en\/wp-json\/wp\/v2\/comments?post=29108"}],"version-history":[{"count":3,"href":"https:\/\/frontier.com.tr\/en\/wp-json\/wp\/v2\/pages\/29108\/revisions"}],"predecessor-version":[{"id":31467,"href":"https:\/\/frontier.com.tr\/en\/wp-json\/wp\/v2\/pages\/29108\/revisions\/31467"}],"wp:attachment":[{"href":"https:\/\/frontier.com.tr\/en\/wp-json\/wp\/v2\/media?parent=29108"}],"curies":[{"name":"wp","href":"https:\/\/api.w.org\/{rel}","templated":true}]}}